{"id":36,"date":"2023-09-09T11:39:36","date_gmt":"2023-09-09T09:39:36","guid":{"rendered":"https:\/\/rollerderbymery.fr\/?page_id=36"},"modified":"2024-10-14T13:33:53","modified_gmt":"2024-10-14T11:33:53","slug":"accueil-2","status":"publish","type":"page","link":"https:\/\/rollerderbymery.fr\/","title":{"rendered":""},"content":{"rendered":"\t\t<div data-elementor-type=\"wp-page\" data-elementor-id=\"36\" class=\"elementor elementor-36\">\n\t\t\t\t<div class=\"elementor-element elementor-element-4c703d04 e-grid e-con-boxed e-con e-parent\" data-id=\"4c703d04\" data-element_type=\"container\">\n\t\t\t\t\t<div class=\"e-con-inner\">\n\t\t\t\t<div class=\"elementor-element elementor-element-604a828 elementor-widget elementor-widget-image\" data-id=\"604a828\" data-element_type=\"widget\" data-widget_type=\"image.default\">\n\t\t\t\t<div class=\"elementor-widget-container\">\n\t\t\t\t\t\t\t\t\t\t\t\t\t<img fetchpriority=\"high\" decoding=\"async\" width=\"1024\" height=\"768\" src=\"https:\/\/rollerderbymery.fr\/wp-content\/uploads\/2024\/09\/IMG_8106-1024x768.jpg\" class=\"attachment-large size-large wp-image-547\" alt=\"Photo d&#039;\u00e9quipe\" srcset=\"https:\/\/rollerderbymery.fr\/wp-content\/uploads\/2024\/09\/IMG_8106-1024x768.jpg 1024w, https:\/\/rollerderbymery.fr\/wp-content\/uploads\/2024\/09\/IMG_8106-300x225.jpg 300w, https:\/\/rollerderbymery.fr\/wp-content\/uploads\/2024\/09\/IMG_8106-768x576.jpg 768w, https:\/\/rollerderbymery.fr\/wp-content\/uploads\/2024\/09\/IMG_8106-1536x1152.jpg 1536w, https:\/\/rollerderbymery.fr\/wp-content\/uploads\/2024\/09\/IMG_8106-2048x1536.jpg 2048w\" sizes=\"(max-width: 1024px) 100vw, 1024px\" \/>\t\t\t\t\t\t\t\t\t\t\t\t\t<\/div>\n\t\t\t\t<\/div>\n\t\t<main class=\"elementor-element elementor-element-e6289aa e-con-full e-flex e-con e-child\" data-id=\"e6289aa\" data-element_type=\"container\">\n\t\t\t\t<div class=\"elementor-element elementor-element-4e0e613 elementor-widget elementor-widget-heading\" data-id=\"4e0e613\" data-element_type=\"widget\" data-widget_type=\"heading.default\">\n\t\t\t\t<div class=\"elementor-widget-container\">\n\t\t\t<h1 class=\"elementor-heading-title elementor-size-default\">Bienvenue<\/h1>\t\t<\/div>\n\t\t\t\t<\/div>\n\t\t\t\t<div class=\"elementor-element elementor-element-4109bee elementor-widget elementor-widget-heading\" data-id=\"4109bee\" data-element_type=\"widget\" data-widget_type=\"heading.default\">\n\t\t\t\t<div class=\"elementor-widget-container\">\n\t\t\t<h2 class=\"elementor-heading-title elementor-size-default\">Chez les Roller Derby M\u00e9ry-sur-Oise ! \ud83e\udd8a<\/h2>\t\t<\/div>\n\t\t\t\t<\/div>\n\t\t\t\t<div class=\"elementor-element elementor-element-f5383b7 elementor-widget elementor-widget-heading\" data-id=\"f5383b7\" data-element_type=\"widget\" data-widget_type=\"heading.default\">\n\t\t\t\t<div class=\"elementor-widget-container\">\n\t\t\t<h2 class=\"elementor-heading-title elementor-size-default\">__________<\/h2>\t\t<\/div>\n\t\t\t\t<\/div>\n\t\t\t\t<div class=\"elementor-element elementor-element-1a65cf0d elementor-widget elementor-widget-text-editor\" data-id=\"1a65cf0d\" data-element_type=\"widget\" data-widget_type=\"text-editor.default\">\n\t\t\t\t<div class=\"elementor-widget-container\">\n\t\t\t\t\t\t\t<!-- wp:heading {\"level\":4} -->\n<p class=\"wp-block-heading\">Roller Derby M\u00e9ry-sur-Oise est une association sportive destin\u00e9e \u00e0 la pratique du Roller Derby.<\/p>\n<!-- \/wp:heading --><!-- wp:paragraph {\"fontSize\":\"tiny\"} --><!-- \/wp:paragraph --><!-- wp:paragraph -->\n<p>Il s&rsquo;agit de la seule ligue du Val d&rsquo;Oise (95) et elle regroupe une \u00e9quipe Loisirs et d\u00e9butant\u00b7es, une \u00e9quipe comp\u00e9titrice, les <a href=\"https:\/\/rollerderbymery.fr\/index.php\/equipes\/\">Fighting Foxes<\/a>, inscrite en championnat N2 et des officiel\u00b7les. La ligue est \u00e9galement affili\u00e9e \u00e0 la <a href=\"https:\/\/ffroller-skateboard.fr\/\">FFRS<\/a> (F\u00e9d\u00e9ration Fran\u00e7aise de Roller et Skateboard).<\/p>\n<!-- \/wp:paragraph --><!-- wp:paragraph -->\n<p>Nous proposons une pratique sportive bienveillante, dans une ambiance d&#8217;empowerment et de d\u00e9passement de soi. Notre ligue est r\u00e9serv\u00e9e aux femmes et minorit\u00e9s de genre.<\/p>\n<!-- \/wp:paragraph --><!-- wp:paragraph {\"fontSize\":\"tiny\"} -->\n<p class=\"has-tiny-font-size\">Nous recrutons sans pr\u00e9requis de niveau de patinage, n&rsquo;h\u00e9site pas \u00e0 <a href=\"https:\/\/rollerderbymery.fr\/index.php\/nous-rejoindre\/\">nous contacter<\/a> !<\/p>\n<!-- \/wp:paragraph --><!-- wp:image {\"id\":547,\"sizeSlug\":\"large\",\"linkDestination\":\"none\"} -->\n<figure class=\"wp-block-image size-large\"><\/figure>\n<!-- \/wp:image -->\t\t\t\t\t\t<\/div>\n\t\t\t\t<\/div>\n\t\t\t\t<\/main>\n\t\t\t\t\t<\/div>\n\t\t\t\t<\/div>\n\t\t<div class=\"elementor-element elementor-element-e3571cf e-flex e-con-boxed e-con e-parent\" data-id=\"e3571cf\" data-element_type=\"container\">\n\t\t\t\t\t<div class=\"e-con-inner\">\n\t\t<div class=\"elementor-element elementor-element-08b5ff3 e-con-full e-flex e-con e-child\" data-id=\"08b5ff3\" data-element_type=\"container\">\n\t\t\t\t<div class=\"elementor-element elementor-element-7314780 elementor-widget elementor-widget-heading\" data-id=\"7314780\" data-element_type=\"widget\" data-widget_type=\"heading.default\">\n\t\t\t\t<div class=\"elementor-widget-container\">\n\t\t\t<h2 class=\"elementor-heading-title elementor-size-default\">Nous Contacter<\/h2>\t\t<\/div>\n\t\t\t\t<\/div>\n\t\t\t\t<div class=\"elementor-element elementor-element-bdcb5fe elementor-widget elementor-widget-text-editor\" data-id=\"bdcb5fe\" data-element_type=\"widget\" data-widget_type=\"text-editor.default\">\n\t\t\t\t<div class=\"elementor-widget-container\">\n\t\t\t\t\t\t\t<p>Si tu as une question ou que tu veux nous rejoindre, n\u2019h\u00e9site pas \u00e0 nous envoyer un mail ou un message sur les r\u00e9seaux sociaux.<\/p>\t\t\t\t\t\t<\/div>\n\t\t\t\t<\/div>\n\t\t\t\t<div class=\"elementor-element elementor-element-b6ffabe elementor-widget elementor-widget-heading\" data-id=\"b6ffabe\" data-element_type=\"widget\" data-widget_type=\"heading.default\">\n\t\t\t\t<div class=\"elementor-widget-container\">\n\t\t\t<h2 class=\"elementor-heading-title elementor-size-default\">__________<\/h2>\t\t<\/div>\n\t\t\t\t<\/div>\n\t\t<div class=\"elementor-element elementor-element-72534ad e-con-full e-flex e-con e-child\" data-id=\"72534ad\" data-element_type=\"container\">\n\t\t\t\t<div class=\"elementor-element elementor-element-abee34d elementor-widget elementor-widget-heading\" data-id=\"abee34d\" data-element_type=\"widget\" data-widget_type=\"heading.default\">\n\t\t\t\t<div class=\"elementor-widget-container\">\n\t\t\t<h2 class=\"elementor-heading-title elementor-size-default\">Email:<\/h2>\t\t<\/div>\n\t\t\t\t<\/div>\n\t\t\t\t<div class=\"elementor-element elementor-element-e07d35b elementor-widget elementor-widget-heading\" data-id=\"e07d35b\" data-element_type=\"widget\" data-widget_type=\"heading.default\">\n\t\t\t\t<div class=\"elementor-widget-container\">\n\t\t\t<h2 class=\"elementor-heading-title elementor-size-default\">rollerderbyfoxes@gmail.com<\/h2>\t\t<\/div>\n\t\t\t\t<\/div>\n\t\t\t\t<\/div>\n\t\t<div class=\"elementor-element elementor-element-4a76a97 e-con-full e-flex e-con e-child\" data-id=\"4a76a97\" data-element_type=\"container\">\n\t\t\t\t<div class=\"elementor-element elementor-element-0a07ccb elementor-widget elementor-widget-heading\" data-id=\"0a07ccb\" data-element_type=\"widget\" data-widget_type=\"heading.default\">\n\t\t\t\t<div class=\"elementor-widget-container\">\n\t\t\t<h2 class=\"elementor-heading-title elementor-size-default\">R\u00e9seaux Sociaux:<\/h2>\t\t<\/div>\n\t\t\t\t<\/div>\n\t\t\t\t<div class=\"elementor-element elementor-element-4765ac0 elementor-shape-circle elementor-grid-0 e-grid-align-center elementor-widget elementor-widget-social-icons\" data-id=\"4765ac0\" data-element_type=\"widget\" data-widget_type=\"social-icons.default\">\n\t\t\t\t<div class=\"elementor-widget-container\">\n\t\t\t\t\t<div class=\"elementor-social-icons-wrapper elementor-grid\">\n\t\t\t\t\t\t\t<span class=\"elementor-grid-item\">\n\t\t\t\t\t<a class=\"elementor-icon elementor-social-icon elementor-social-icon-instagram elementor-animation-shrink elementor-repeater-item-fed984a\" href=\"https:\/\/www.instagram.com\/roller_derby_mery\/\" target=\"_blank\">\n\t\t\t\t\t\t<span class=\"elementor-screen-only\">Instagram<\/span>\n\t\t\t\t\t\t<svg class=\"e-font-icon-svg e-fab-instagram\" viewBox=\"0 0 448 512\" xmlns=\"http:\/\/www.w3.org\/2000\/svg\"><path d=\"M224.1 141c-63.6 0-114.9 51.3-114.9 114.9s51.3 114.9 114.9 114.9S339 319.5 339 255.9 287.7 141 224.1 141zm0 189.6c-41.1 0-74.7-33.5-74.7-74.7s33.5-74.7 74.7-74.7 74.7 33.5 74.7 74.7-33.6 74.7-74.7 74.7zm146.4-194.3c0 14.9-12 26.8-26.8 26.8-14.9 0-26.8-12-26.8-26.8s12-26.8 26.8-26.8 26.8 12 26.8 26.8zm76.1 27.2c-1.7-35.9-9.9-67.7-36.2-93.9-26.2-26.2-58-34.4-93.9-36.2-37-2.1-147.9-2.1-184.9 0-35.8 1.7-67.6 9.9-93.9 36.1s-34.4 58-36.2 93.9c-2.1 37-2.1 147.9 0 184.9 1.7 35.9 9.9 67.7 36.2 93.9s58 34.4 93.9 36.2c37 2.1 147.9 2.1 184.9 0 35.9-1.7 67.7-9.9 93.9-36.2 26.2-26.2 34.4-58 36.2-93.9 2.1-37 2.1-147.8 0-184.8zM398.8 388c-7.8 19.6-22.9 34.7-42.6 42.6-29.5 11.7-99.5 9-132.1 9s-102.7 2.6-132.1-9c-19.6-7.8-34.7-22.9-42.6-42.6-11.7-29.5-9-99.5-9-132.1s-2.6-102.7 9-132.1c7.8-19.6 22.9-34.7 42.6-42.6 29.5-11.7 99.5-9 132.1-9s102.7-2.6 132.1 9c19.6 7.8 34.7 22.9 42.6 42.6 11.7 29.5 9 99.5 9 132.1s2.7 102.7-9 132.1z\"><\/path><\/svg>\t\t\t\t\t<\/a>\n\t\t\t\t<\/span>\n\t\t\t\t\t\t\t<span class=\"elementor-grid-item\">\n\t\t\t\t\t<a class=\"elementor-icon elementor-social-icon elementor-social-icon-facebook elementor-animation-shrink elementor-repeater-item-03dc2e0\" href=\"https:\/\/www.facebook.com\/profile.php?id=100094292996718&#038;locale=fr_FR\" target=\"_blank\">\n\t\t\t\t\t\t<span class=\"elementor-screen-only\">Facebook<\/span>\n\t\t\t\t\t\t<svg class=\"e-font-icon-svg e-fab-facebook\" viewBox=\"0 0 512 512\" xmlns=\"http:\/\/www.w3.org\/2000\/svg\"><path d=\"M504 256C504 119 393 8 256 8S8 119 8 256c0 123.78 90.69 226.38 209.25 245V327.69h-63V256h63v-54.64c0-62.15 37-96.48 93.67-96.48 27.14 0 55.52 4.84 55.52 4.84v61h-31.28c-30.8 0-40.41 19.12-40.41 38.73V256h68.78l-11 71.69h-57.78V501C413.31 482.38 504 379.78 504 256z\"><\/path><\/svg>\t\t\t\t\t<\/a>\n\t\t\t\t<\/span>\n\t\t\t\t\t<\/div>\n\t\t\t\t<\/div>\n\t\t\t\t<\/div>\n\t\t\t\t<\/div>\n\t\t\t\t<\/div>\n\t\t<div class=\"elementor-element elementor-element-a2249f6 e-con-full e-flex e-con e-child\" data-id=\"a2249f6\" data-element_type=\"container\">\n\t\t\t\t<div class=\"elementor-element elementor-element-b776176 elementor-widget-mobile__width-initial elementor-widget elementor-widget-image\" data-id=\"b776176\" data-element_type=\"widget\" data-widget_type=\"image.default\">\n\t\t\t\t<div class=\"elementor-widget-container\">\n\t\t\t\t\t\t\t\t\t\t\t\t\t<img decoding=\"async\" width=\"1024\" height=\"1024\" src=\"https:\/\/rollerderbymery.fr\/wp-content\/uploads\/2024\/09\/Creation-dAdam-starpass-1024x1024.png\" class=\"attachment-large size-large wp-image-579\" alt=\"\" srcset=\"https:\/\/rollerderbymery.fr\/wp-content\/uploads\/2024\/09\/Creation-dAdam-starpass-1024x1024.png 1024w, https:\/\/rollerderbymery.fr\/wp-content\/uploads\/2024\/09\/Creation-dAdam-starpass-300x300.png 300w, https:\/\/rollerderbymery.fr\/wp-content\/uploads\/2024\/09\/Creation-dAdam-starpass-150x150.png 150w, https:\/\/rollerderbymery.fr\/wp-content\/uploads\/2024\/09\/Creation-dAdam-starpass-768x768.png 768w, https:\/\/rollerderbymery.fr\/wp-content\/uploads\/2024\/09\/Creation-dAdam-starpass-1536x1536.png 1536w, https:\/\/rollerderbymery.fr\/wp-content\/uploads\/2024\/09\/Creation-dAdam-starpass.png 2048w\" sizes=\"(max-width: 1024px) 100vw, 1024px\" \/>\t\t\t\t\t\t\t\t\t\t\t\t\t<\/div>\n\t\t\t\t<\/div>\n\t\t\t\t<\/div>\n\t\t\t\t\t<\/div>\n\t\t\t\t<\/div>\n\t\t\t\t<\/div>\n\t\t","protected":false},"excerpt":{"rendered":"<p>Bienvenue Chez les Roller Derby M\u00e9ry-sur-Oise ! \ud83e\udd8a __________ Roller Derby M\u00e9ry-sur-Oise est une association sportive destin\u00e9e \u00e0 la pratique du Roller Derby. Il s&rsquo;agit de la seule ligue du Val d&rsquo;Oise (95) et elle regroupe une \u00e9quipe Loisirs et d\u00e9butant\u00b7es, une \u00e9quipe comp\u00e9titrice, les Fighting Foxes, inscrite en championnat N2 et des officiel\u00b7les. La [&hellip;]<\/p>\n","protected":false},"author":1,"featured_media":547,"parent":0,"menu_order":0,"comment_status":"closed","ping_status":"closed","template":"elementor_header_footer","meta":{"ocean_post_layout":"","ocean_both_sidebars_style":"","ocean_both_sidebars_content_width":0,"ocean_both_sidebars_sidebars_width":0,"ocean_sidebar":"","ocean_second_sidebar":"","ocean_disable_margins":"enable","ocean_add_body_class":"","ocean_shortcode_before_top_bar":"","ocean_shortcode_after_top_bar":"","ocean_shortcode_before_header":"","ocean_shortcode_after_header":"","ocean_has_shortcode":"","ocean_shortcode_after_title":"","ocean_shortcode_before_footer_widgets":"","ocean_shortcode_after_footer_widgets":"","ocean_shortcode_before_footer_bottom":"","ocean_shortcode_after_footer_bottom":"","ocean_display_top_bar":"default","ocean_display_header":"default","ocean_header_style":"","ocean_center_header_left_menu":"","ocean_custom_header_template":"","ocean_custom_logo":0,"ocean_custom_retina_logo":0,"ocean_custom_logo_max_width":0,"ocean_custom_logo_tablet_max_width":0,"ocean_custom_logo_mobile_max_width":0,"ocean_custom_logo_max_height":0,"ocean_custom_logo_tablet_max_height":0,"ocean_custom_logo_mobile_max_height":0,"ocean_header_custom_menu":"","ocean_menu_typo_font_family":"","ocean_menu_typo_font_subset":"","ocean_menu_typo_font_size":0,"ocean_menu_typo_font_size_tablet":0,"ocean_menu_typo_font_size_mobile":0,"ocean_menu_typo_font_size_unit":"px","ocean_menu_typo_font_weight":"","ocean_menu_typo_font_weight_tablet":"","ocean_menu_typo_font_weight_mobile":"","ocean_menu_typo_transform":"","ocean_menu_typo_transform_tablet":"","ocean_menu_typo_transform_mobile":"","ocean_menu_typo_line_height":0,"ocean_menu_typo_line_height_tablet":0,"ocean_menu_typo_line_height_mobile":0,"ocean_menu_typo_line_height_unit":"","ocean_menu_typo_spacing":0,"ocean_menu_typo_spacing_tablet":0,"ocean_menu_typo_spacing_mobile":0,"ocean_menu_typo_spacing_unit":"","ocean_menu_link_color":"","ocean_menu_link_color_hover":"","ocean_menu_link_color_active":"","ocean_menu_link_background":"","ocean_menu_link_hover_background":"","ocean_menu_link_active_background":"","ocean_menu_social_links_bg":"","ocean_menu_social_hover_links_bg":"","ocean_menu_social_links_color":"","ocean_menu_social_hover_links_color":"","ocean_disable_title":"default","ocean_disable_heading":"default","ocean_post_title":"","ocean_post_subheading":"","ocean_post_title_style":"","ocean_post_title_background_color":"","ocean_post_title_background":0,"ocean_post_title_bg_image_position":"","ocean_post_title_bg_image_attachment":"","ocean_post_title_bg_image_repeat":"","ocean_post_title_bg_image_size":"","ocean_post_title_height":0,"ocean_post_title_bg_overlay":0.5,"ocean_post_title_bg_overlay_color":"","ocean_disable_breadcrumbs":"default","ocean_breadcrumbs_color":"","ocean_breadcrumbs_separator_color":"","ocean_breadcrumbs_links_color":"","ocean_breadcrumbs_links_hover_color":"","ocean_display_footer_widgets":"default","ocean_display_footer_bottom":"default","ocean_custom_footer_template":"","footnotes":""},"class_list":["post-36","page","type-page","status-publish","has-post-thumbnail","hentry","entry","has-media"],"yoast_head":"<!-- This site is optimized with the Yoast SEO plugin v21.3 - https:\/\/yoast.com\/wordpress\/plugins\/seo\/ -->\n<title>Roller Derby M\u00e9ry-sur-Oise<\/title>\n<meta name=\"description\" content=\"Bienvenue chez les Roller Derby M\u00e9ry-sur-Oise ! \ud83e\udd8a Rejoins la harde, deviens une Renarde Nous recrutons sans pr\u00e9-requis de patinage ! \ud83d\udefc\" \/>\n<meta name=\"robots\" content=\"index, follow, max-snippet:-1, max-image-preview:large, max-video-preview:-1\" \/>\n<link rel=\"canonical\" href=\"https:\/\/rollerderbymery.fr\/\" \/>\n<meta property=\"og:locale\" content=\"fr_FR\" \/>\n<meta property=\"og:type\" content=\"article\" \/>\n<meta property=\"og:title\" content=\"Roller Derby M\u00e9ry-sur-Oise\" \/>\n<meta property=\"og:description\" content=\"Bienvenue chez les Roller Derby M\u00e9ry-sur-Oise ! \ud83e\udd8a Rejoins la harde, deviens une Renarde Nous recrutons sans pr\u00e9-requis de patinage ! \ud83d\udefc\" \/>\n<meta property=\"og:url\" content=\"https:\/\/rollerderbymery.fr\/\" \/>\n<meta property=\"og:site_name\" content=\"Roller Derby M\u00e9ry-sur-Oise\" \/>\n<meta property=\"article:publisher\" content=\"https:\/\/www.facebook.com\/people\/Roller-Derby-Mry\/100094292996718\/\" \/>\n<meta property=\"article:modified_time\" content=\"2024-10-14T11:33:53+00:00\" \/>\n<meta property=\"og:image\" content=\"http:\/\/rollerderbymery.fr\/wp-content\/uploads\/2024\/09\/IMG_8106-scaled.jpg\" \/>\n\t<meta property=\"og:image:width\" content=\"2560\" \/>\n\t<meta property=\"og:image:height\" content=\"1920\" \/>\n\t<meta property=\"og:image:type\" content=\"image\/jpeg\" \/>\n<meta name=\"twitter:card\" content=\"summary_large_image\" \/>\n<meta name=\"twitter:label1\" content=\"Dur\u00e9e de lecture estim\u00e9e\" \/>\n\t<meta name=\"twitter:data1\" content=\"2 minutes\" \/>\n<script type=\"application\/ld+json\" class=\"yoast-schema-graph\">{\"@context\":\"https:\/\/schema.org\",\"@graph\":[{\"@type\":\"WebPage\",\"@id\":\"https:\/\/rollerderbymery.fr\/\",\"url\":\"https:\/\/rollerderbymery.fr\/\",\"name\":\"Roller Derby M\u00e9ry-sur-Oise\",\"isPartOf\":{\"@id\":\"https:\/\/rollerderbymery.fr\/#website\"},\"datePublished\":\"2023-09-09T09:39:36+00:00\",\"dateModified\":\"2024-10-14T11:33:53+00:00\",\"description\":\"Bienvenue chez les Roller Derby M\u00e9ry-sur-Oise ! \ud83e\udd8a Rejoins la harde, deviens une Renarde Nous recrutons sans pr\u00e9-requis de patinage ! \ud83d\udefc\",\"inLanguage\":\"fr-FR\",\"potentialAction\":[{\"@type\":\"ReadAction\",\"target\":[\"https:\/\/rollerderbymery.fr\/\"]}]},{\"@type\":\"WebSite\",\"@id\":\"https:\/\/rollerderbymery.fr\/#website\",\"url\":\"https:\/\/rollerderbymery.fr\/\",\"name\":\"Roller Derby M\u00e9ry-sur-Oise\",\"description\":\"Rejoins la harde, deviens une Renarde\",\"publisher\":{\"@id\":\"https:\/\/rollerderbymery.fr\/#organization\"},\"alternateName\":\"RDMO\",\"potentialAction\":[{\"@type\":\"SearchAction\",\"target\":{\"@type\":\"EntryPoint\",\"urlTemplate\":\"https:\/\/rollerderbymery.fr\/?s={search_term_string}\"},\"query-input\":\"required name=search_term_string\"}],\"inLanguage\":\"fr-FR\"},{\"@type\":\"Organization\",\"@id\":\"https:\/\/rollerderbymery.fr\/#organization\",\"name\":\"Roller Derby M\u00e9ry-sur-Oise\",\"alternateName\":\"RDMO\",\"url\":\"https:\/\/rollerderbymery.fr\/\",\"logo\":{\"@type\":\"ImageObject\",\"inLanguage\":\"fr-FR\",\"@id\":\"https:\/\/rollerderbymery.fr\/#\/schema\/logo\/image\/\",\"url\":\"https:\/\/rollerderbymery.fr\/wp-content\/uploads\/2023\/09\/logo-fighting-foxes-mso-rond-rouge-rvb-sans-fond-cropped-1.png\",\"contentUrl\":\"https:\/\/rollerderbymery.fr\/wp-content\/uploads\/2023\/09\/logo-fighting-foxes-mso-rond-rouge-rvb-sans-fond-cropped-1.png\",\"width\":2221,\"height\":2223,\"caption\":\"Roller Derby M\u00e9ry-sur-Oise\"},\"image\":{\"@id\":\"https:\/\/rollerderbymery.fr\/#\/schema\/logo\/image\/\"},\"sameAs\":[\"https:\/\/www.facebook.com\/people\/Roller-Derby-Mry\/100094292996718\/\",\"https:\/\/www.instagram.com\/roller_derby_mery\/\"]}]}<\/script>\n<!-- \/ Yoast SEO plugin. -->","yoast_head_json":{"title":"Roller Derby M\u00e9ry-sur-Oise","description":"Bienvenue chez les Roller Derby M\u00e9ry-sur-Oise ! \ud83e\udd8a Rejoins la harde, deviens une Renarde Nous recrutons sans pr\u00e9-requis de patinage ! \ud83d\udefc","robots":{"index":"index","follow":"follow","max-snippet":"max-snippet:-1","max-image-preview":"max-image-preview:large","max-video-preview":"max-video-preview:-1"},"canonical":"https:\/\/rollerderbymery.fr\/","og_locale":"fr_FR","og_type":"article","og_title":"Roller Derby M\u00e9ry-sur-Oise","og_description":"Bienvenue chez les Roller Derby M\u00e9ry-sur-Oise ! \ud83e\udd8a Rejoins la harde, deviens une Renarde Nous recrutons sans pr\u00e9-requis de patinage ! \ud83d\udefc","og_url":"https:\/\/rollerderbymery.fr\/","og_site_name":"Roller Derby M\u00e9ry-sur-Oise","article_publisher":"https:\/\/www.facebook.com\/people\/Roller-Derby-Mry\/100094292996718\/","article_modified_time":"2024-10-14T11:33:53+00:00","og_image":[{"width":2560,"height":1920,"url":"http:\/\/rollerderbymery.fr\/wp-content\/uploads\/2024\/09\/IMG_8106-scaled.jpg","type":"image\/jpeg"}],"twitter_card":"summary_large_image","twitter_misc":{"Dur\u00e9e de lecture estim\u00e9e":"2 minutes"},"schema":{"@context":"https:\/\/schema.org","@graph":[{"@type":"WebPage","@id":"https:\/\/rollerderbymery.fr\/","url":"https:\/\/rollerderbymery.fr\/","name":"Roller Derby M\u00e9ry-sur-Oise","isPartOf":{"@id":"https:\/\/rollerderbymery.fr\/#website"},"datePublished":"2023-09-09T09:39:36+00:00","dateModified":"2024-10-14T11:33:53+00:00","description":"Bienvenue chez les Roller Derby M\u00e9ry-sur-Oise ! \ud83e\udd8a Rejoins la harde, deviens une Renarde Nous recrutons sans pr\u00e9-requis de patinage ! \ud83d\udefc","inLanguage":"fr-FR","potentialAction":[{"@type":"ReadAction","target":["https:\/\/rollerderbymery.fr\/"]}]},{"@type":"WebSite","@id":"https:\/\/rollerderbymery.fr\/#website","url":"https:\/\/rollerderbymery.fr\/","name":"Roller Derby M\u00e9ry-sur-Oise","description":"Rejoins la harde, deviens une Renarde","publisher":{"@id":"https:\/\/rollerderbymery.fr\/#organization"},"alternateName":"RDMO","potentialAction":[{"@type":"SearchAction","target":{"@type":"EntryPoint","urlTemplate":"https:\/\/rollerderbymery.fr\/?s={search_term_string}"},"query-input":"required name=search_term_string"}],"inLanguage":"fr-FR"},{"@type":"Organization","@id":"https:\/\/rollerderbymery.fr\/#organization","name":"Roller Derby M\u00e9ry-sur-Oise","alternateName":"RDMO","url":"https:\/\/rollerderbymery.fr\/","logo":{"@type":"ImageObject","inLanguage":"fr-FR","@id":"https:\/\/rollerderbymery.fr\/#\/schema\/logo\/image\/","url":"https:\/\/rollerderbymery.fr\/wp-content\/uploads\/2023\/09\/logo-fighting-foxes-mso-rond-rouge-rvb-sans-fond-cropped-1.png","contentUrl":"https:\/\/rollerderbymery.fr\/wp-content\/uploads\/2023\/09\/logo-fighting-foxes-mso-rond-rouge-rvb-sans-fond-cropped-1.png","width":2221,"height":2223,"caption":"Roller Derby M\u00e9ry-sur-Oise"},"image":{"@id":"https:\/\/rollerderbymery.fr\/#\/schema\/logo\/image\/"},"sameAs":["https:\/\/www.facebook.com\/people\/Roller-Derby-Mry\/100094292996718\/","https:\/\/www.instagram.com\/roller_derby_mery\/"]}]}},"_links":{"self":[{"href":"https:\/\/rollerderbymery.fr\/index.php\/wp-json\/wp\/v2\/pages\/36","targetHints":{"allow":["GET"]}}],"collection":[{"href":"https:\/\/rollerderbymery.fr\/index.php\/wp-json\/wp\/v2\/pages"}],"about":[{"href":"https:\/\/rollerderbymery.fr\/index.php\/wp-json\/wp\/v2\/types\/page"}],"author":[{"embeddable":true,"href":"https:\/\/rollerderbymery.fr\/index.php\/wp-json\/wp\/v2\/users\/1"}],"replies":[{"embeddable":true,"href":"https:\/\/rollerderbymery.fr\/index.php\/wp-json\/wp\/v2\/comments?post=36"}],"version-history":[{"count":21,"href":"https:\/\/rollerderbymery.fr\/index.php\/wp-json\/wp\/v2\/pages\/36\/revisions"}],"predecessor-version":[{"id":973,"href":"https:\/\/rollerderbymery.fr\/index.php\/wp-json\/wp\/v2\/pages\/36\/revisions\/973"}],"wp:featuredmedia":[{"embeddable":true,"href":"https:\/\/rollerderbymery.fr\/index.php\/wp-json\/wp\/v2\/media\/547"}],"wp:attachment":[{"href":"https:\/\/rollerderbymery.fr\/index.php\/wp-json\/wp\/v2\/media?parent=36"}],"curies":[{"name":"wp","href":"https:\/\/api.w.org\/{rel}","templated":true}]}}